{"id":46705,"date":"2021-08-19T09:01:30","date_gmt":"2021-08-19T07:01:30","guid":{"rendered":"https:\/\/dev.klb-koetztal.de\/produkt\/klb-system-polyurethan-pu-812-e\/"},"modified":"2026-02-25T12:03:04","modified_gmt":"2026-02-25T11:03:04","slug":"klb-system-polyurethan-pu-812-e","status":"publish","type":"product","link":"https:\/\/dev.klb-koetztal.de\/en\/produkt\/klb-system-polyurethan-pu-812-e\/","title":{"rendered":"KLB-SYSTEM POLYURETHAN PU 812 E"},"content":{"rendered":"","protected":false},"excerpt":{"rendered":"<p>Coloured, low-emission and light-stable 2-component sealer on the basis of a high-quality polyurethane dispersion system, with good processability. The sealer can be applied as coloured matt finish onto coatings or coverings and is highly resistant to staining.<br \/>\nSuitable for coatings that comply&#160;with Eurofins &#8220;Indoor Air Comfort&#8221; and the Gold certification.&#160;Compliant with AgBB and the&#160;EMICODE EC1 Plus certificate.<\/p>\n","protected":false},"featured_media":49506,"template":"","meta":{"_acf_changed":false},"product_brand":[],"product_cat":[9621,9630],"product_tag":[],"class_list":{"0":"post-46705","1":"product","2":"type-product","3":"status-publish","4":"has-post-thumbnail","6":"product_cat-sealers-impregnations","7":"product_cat-2-component-polyurethane-sealers-water-emulsified","9":"first","10":"instock","11":"shipping-taxable","12":"product-type-simple"},"acf":{"product_header":{"module_product_header":{"":null,"prototype_headline":{"headline":"KLB-SYSTEM POLYURETHAN PU 812 E","h1":true,"subheadline":"Coloured, low-emission, environmentally friendly 2-component sealer on the basis of polyurethane, light-stable, with appealing matt look and good stain resistance","anchor":"","url":""},"grid_text_slider":false,"grid_text_content":[{"text":"<p class=\"product-short-title\" style=\"text-align: center;\"><strong>Brief description<\/strong><\/p>\n<p>Coloured, low-emission and light-stable 2-component sealer on the basis of a high-quality polyurethane dispersion system, with good processability. The sealer can be applied as coloured matt finish onto coatings or coverings and is highly resistant to staining.<\/p>\n<p>Suitable for coatings that comply&#160;with Eurofins &#8220;Indoor Air Comfort&#8221; and the Gold certification.&#160;Compliant with AgBB and the&#160;EMICODE EC1 Plus certificate.<\/p>\n","width":"4","background_color_text":"bg-white","border_color":"border-gray-light"},{"text":"<p class=\"product-sicing-title\" style=\"text-align: center;\"><strong>Packaging units<\/strong><\/p>\n<ul>\n<li>AK6527-70 &#8211; Combo packaging 5.00 kg<\/li>\n<li>AK6527-40 &#8211; Combo packaging 10.00 kg<\/li>\n<\/ul>\n<p><\/p>\n<p>Please do not hesitate to contact us directly for enquiries about larger delivery quantities or packaging units.<\/p>\n\n","width":"4","background_color_text":"bg-white","border_color":"border-gray-light"},{"text":"<p class=\"product-attr-title\" style=\"text-align: center;\"><strong>Properties<\/strong><\/p>\n<ul>\n<li>EMICODE\u00ae EC 1PLUS certified<\/li>\n<li>very low-emission<\/li>\n<li>odorless<\/li>\n<li>environmentally friendly<\/li>\n<li>water vapour-permeable<\/li>\n<li>high covering power<\/li>\n<li>even surface<\/li>\n<li>silk-matt<\/li>\n<li>very high adhesion<\/li>\n<li>easy application<\/li>\n<li>resistant to abrasion and wear<\/li>\n<\/ul>\n","width":"4","background_color_text":"bg-white","border_color":"border-gray-light"}],"background_color":"bg-none","background_color_content":"bg-none"}},"downloads":{"module_download_list":{"inhalt":null,"downloads":[{"download":{"ID":66774,"id":66774,"title":"PU_812_E_PI_en_2025_08","filename":"PU_812_E_PI_en_2025_08.pdf","filesize":1738024,"url":"https:\/\/dev.klb-koetztal.de\/app\/uploads\/2025\/08\/PU_812_E_PI_en_2025_08.pdf","link":"https:\/\/dev.klb-koetztal.de\/en\/?attachment_id=66774","alt":"","author":"7","description":"","caption":"","name":"pu_812_e_pi_en_2025_08-2","status":"inherit","uploaded_to":0,"date":"2025-08-01 07:14:11","modified":"2025-08-01 07:14:11","menu_order":0,"mime_type":"application\/pdf","type":"application","subtype":"pdf","icon":"https:\/\/dev.klb-koetztal.de\/wp\/wp-includes\/images\/media\/document.png"},"filename":"Product Information","protected":false,"doclang":"GB","externalkey":"Produktinformation","docpos":"2"},{"download":{"ID":66777,"id":66777,"title":"PU_812_E_PI_fr_2025_08","filename":"PU_812_E_PI_fr_2025_08.pdf","filesize":1854149,"url":"https:\/\/dev.klb-koetztal.de\/app\/uploads\/2025\/08\/PU_812_E_PI_fr_2025_08.pdf","link":"https:\/\/dev.klb-koetztal.de\/en\/?attachment_id=66777","alt":"","author":"7","description":"","caption":"","name":"pu_812_e_pi_fr_2025_08-2","status":"inherit","uploaded_to":0,"date":"2025-08-01 07:14:20","modified":"2025-08-01 07:14:20","menu_order":0,"mime_type":"application\/pdf","type":"application","subtype":"pdf","icon":"https:\/\/dev.klb-koetztal.de\/wp\/wp-includes\/images\/media\/document.png"},"filename":"Information Produit FR","protected":false,"doclang":"FR","externalkey":"Produktinformation","docpos":"3"},{"download":{"ID":64593,"id":64593,"title":"PU_812_E_LE_en_2025_03","filename":"PU_812_E_LE_en_2025_03.pdf","filesize":962813,"url":"https:\/\/dev.klb-koetztal.de\/app\/uploads\/2025\/03\/PU_812_E_LE_en_2025_03.pdf","link":"https:\/\/dev.klb-koetztal.de\/en\/?attachment_id=64593","alt":"","author":"7","description":"","caption":"","name":"pu_812_e_le_en_2025_03-2","status":"inherit","uploaded_to":0,"date":"2025-03-14 06:50:14","modified":"2025-03-14 06:50:14","menu_order":0,"mime_type":"application\/pdf","type":"application","subtype":"pdf","icon":"https:\/\/dev.klb-koetztal.de\/wp\/wp-includes\/images\/media\/document.png"},"filename":"Statement of performance","protected":false,"doclang":"GB","externalkey":"Leistungserklaerung","docpos":"2"},{"download":{"ID":49508,"id":49508,"title":"Leistungserkl\u00e4rung - Statement of performance","filename":"PU812E_LE_06-2020.pdf","filesize":202636,"url":"https:\/\/dev.klb-koetztal.de\/app\/uploads\/2022\/03\/PU812E_LE_06-2020.pdf","link":"https:\/\/dev.klb-koetztal.de\/en\/?attachment_id=49508","alt":"","author":"7","description":"","caption":"","name":"pu812e_le_06-2020","status":"inherit","uploaded_to":0,"date":"2022-03-14 09:57:49","modified":"2026-02-25 11:04:19","menu_order":0,"mime_type":"application\/pdf","type":"application","subtype":"pdf","icon":"https:\/\/dev.klb-koetztal.de\/wp\/wp-includes\/images\/media\/document.png"},"filename":"Declaration of performance","protected":false,"doclang":"FR","externalkey":"Leistungserklaerung","docpos":"3"},{"download":{"ID":51281,"id":51281,"title":"EPD-Information","filename":"PU812E_Umwelt-Deklaration_2022-06.pdf","filesize":2569100,"url":"https:\/\/dev.klb-koetztal.de\/app\/uploads\/2022\/06\/PU812E_Umwelt-Deklaration_2022-06.pdf","link":"https:\/\/dev.klb-koetztal.de\/en\/?attachment_id=51281","alt":"","author":"7","description":"","caption":"","name":"pu812e_umwelt-deklaration_2022-06","status":"inherit","uploaded_to":0,"date":"2022-06-23 13:43:01","modified":"2026-02-25 11:03:26","menu_order":0,"mime_type":"application\/pdf","type":"application","subtype":"pdf","icon":"https:\/\/dev.klb-koetztal.de\/wp\/wp-includes\/images\/media\/document.png"},"filename":"EPD - Environmental Product Declaration","protected":false,"doclang":"Multi","externalkey":"Umweltproduktdeklaration","docpos":"50"},{"download":false,"filename":"Safety data sheet","protected":true,"doclang":"GB","externalkey":"Sicherheitsdatenblatt","docpos":"2"},{"download":false,"filename":"Fiche de donn\u00e9es de s\u00e9curit\u00e9 FR","protected":true,"doclang":"FR","externalkey":"Sicherheitsdatenblatt","docpos":"3"}],"einstellungen":null,"background_color":"bg-none","background_color_content":"bg-none"}},"included_in_systems":{"module_included_in_systems":{"":null,"background_color":"bg-gray-medium","background_color_content":"bg-none"}},"contact":{"module_contact":{"":null,"background_color":"bg-none","background_color_content":"bg-none"}},"ausschreibende":{"module_ausschreibende":{"andern_sie_den_inhalt_unter_universelle_elemente":null,"background_color":"bg-none","background_color_content":"bg-none"}}},"yoast_head":"<!-- This site is optimized with the Yoast SEO plugin v27.0 - https:\/\/yoast.com\/product\/yoast-seo-wordpress\/ -->\n<title>Low-VOC, UV-stable top sealer PU 812 E | KLB K\u00f6tztal<\/title>\n<meta name=\"description\" content=\"Environmentally friendly, coloured, UV-stable, matt sealer PU 812 E with low tendency to staining | KLB reactive resin coverings \u2714\ufe0f AgBB, EMICODE, Eurofins\" \/>\n<meta name=\"robots\" content=\"noindex, follow, max-snippet:-1, max-image-preview:large, max-video-preview:-1\" \/>\n<meta property=\"og:locale\" content=\"en_GB\" \/>\n<meta property=\"og:type\" content=\"article\" \/>\n<meta property=\"og:title\" content=\"Low-VOC, UV-stable top sealer PU 812 E | KLB K\u00f6tztal\" \/>\n<meta property=\"og:description\" content=\"Environmentally friendly, coloured, UV-stable, matt sealer PU 812 E with low tendency to staining | KLB reactive resin coverings \u2714\ufe0f AgBB, EMICODE, Eurofins\" \/>\n<meta property=\"og:url\" content=\"https:\/\/dev.klb-koetztal.de\/en\/produkt\/klb-system-polyurethan-pu-812-e\/\" \/>\n<meta property=\"og:site_name\" content=\"KLB K\u00f6tztal\" \/>\n<meta property=\"article:publisher\" content=\"https:\/\/www.facebook.com\/klbkoetztal\" \/>\n<meta property=\"article:modified_time\" content=\"2026-02-25T11:03:04+00:00\" \/>\n<meta property=\"og:image\" content=\"https:\/\/dev.klb-koetztal.de\/app\/uploads\/2022\/03\/PU812_E.jpg\" \/>\n\t<meta property=\"og:image:width\" content=\"500\" \/>\n\t<meta property=\"og:image:height\" content=\"500\" \/>\n\t<meta property=\"og:image:type\" content=\"image\/jpeg\" \/>\n<meta name=\"twitter:card\" content=\"summary_large_image\" \/>\n<script type=\"application\/ld+json\" class=\"yoast-schema-graph\">{\"@context\":\"https:\/\/schema.org\",\"@graph\":[{\"@type\":\"WebPage\",\"@id\":\"https:\/\/dev.klb-koetztal.de\/en\/produkt\/klb-system-polyurethan-pu-812-e\/\",\"url\":\"https:\/\/dev.klb-koetztal.de\/en\/produkt\/klb-system-polyurethan-pu-812-e\/\",\"name\":\"Low-VOC, UV-stable top sealer PU 812 E | KLB K\u00f6tztal\",\"isPartOf\":{\"@id\":\"https:\/\/dev.klb-koetztal.de\/en\/#website\"},\"primaryImageOfPage\":{\"@id\":\"https:\/\/dev.klb-koetztal.de\/en\/produkt\/klb-system-polyurethan-pu-812-e\/#primaryimage\"},\"image\":{\"@id\":\"https:\/\/dev.klb-koetztal.de\/en\/produkt\/klb-system-polyurethan-pu-812-e\/#primaryimage\"},\"thumbnailUrl\":\"https:\/\/dev.klb-koetztal.de\/app\/uploads\/2022\/03\/PU812_E.jpg\",\"datePublished\":\"2021-08-19T07:01:30+00:00\",\"dateModified\":\"2026-02-25T11:03:04+00:00\",\"description\":\"Environmentally friendly, coloured, UV-stable, matt sealer PU 812 E with low tendency to staining | KLB reactive resin coverings \u2714\ufe0f AgBB, EMICODE, Eurofins\",\"breadcrumb\":{\"@id\":\"https:\/\/dev.klb-koetztal.de\/en\/produkt\/klb-system-polyurethan-pu-812-e\/#breadcrumb\"},\"inLanguage\":\"en-GB\",\"potentialAction\":[{\"@type\":\"ReadAction\",\"target\":[\"https:\/\/dev.klb-koetztal.de\/en\/produkt\/klb-system-polyurethan-pu-812-e\/\"]}]},{\"@type\":\"ImageObject\",\"inLanguage\":\"en-GB\",\"@id\":\"https:\/\/dev.klb-koetztal.de\/en\/produkt\/klb-system-polyurethan-pu-812-e\/#primaryimage\",\"url\":\"https:\/\/dev.klb-koetztal.de\/app\/uploads\/2022\/03\/PU812_E.jpg\",\"contentUrl\":\"https:\/\/dev.klb-koetztal.de\/app\/uploads\/2022\/03\/PU812_E.jpg\",\"width\":500,\"height\":500},{\"@type\":\"BreadcrumbList\",\"@id\":\"https:\/\/dev.klb-koetztal.de\/en\/produkt\/klb-system-polyurethan-pu-812-e\/#breadcrumb\",\"itemListElement\":[{\"@type\":\"ListItem\",\"position\":1,\"name\":\"Startseite\",\"item\":\"https:\/\/dev.klb-koetztal.de\/en\/\"},{\"@type\":\"ListItem\",\"position\":2,\"name\":\"KLB-SYSTEM POLYURETHAN PU 812 E\"}]},{\"@type\":\"WebSite\",\"@id\":\"https:\/\/dev.klb-koetztal.de\/en\/#website\",\"url\":\"https:\/\/dev.klb-koetztal.de\/en\/\",\"name\":\"KLB K\u00f6tztal\",\"description\":\"Gute B\u00f6den haben ein System.\",\"potentialAction\":[{\"@type\":\"SearchAction\",\"target\":{\"@type\":\"EntryPoint\",\"urlTemplate\":\"https:\/\/dev.klb-koetztal.de\/en\/?s={search_term_string}\"},\"query-input\":{\"@type\":\"PropertyValueSpecification\",\"valueRequired\":true,\"valueName\":\"search_term_string\"}}],\"inLanguage\":\"en-GB\"}]}<\/script>\n<!-- \/ Yoast SEO plugin. -->","yoast_head_json":{"title":"Low-VOC, UV-stable top sealer PU 812 E | KLB K\u00f6tztal","description":"Environmentally friendly, coloured, UV-stable, matt sealer PU 812 E with low tendency to staining | KLB reactive resin coverings \u2714\ufe0f AgBB, EMICODE, Eurofins","robots":{"index":"noindex","follow":"follow","max-snippet":"max-snippet:-1","max-image-preview":"max-image-preview:large","max-video-preview":"max-video-preview:-1"},"og_locale":"en_GB","og_type":"article","og_title":"Low-VOC, UV-stable top sealer PU 812 E | KLB K\u00f6tztal","og_description":"Environmentally friendly, coloured, UV-stable, matt sealer PU 812 E with low tendency to staining | KLB reactive resin coverings \u2714\ufe0f AgBB, EMICODE, Eurofins","og_url":"https:\/\/dev.klb-koetztal.de\/en\/produkt\/klb-system-polyurethan-pu-812-e\/","og_site_name":"KLB K\u00f6tztal","article_publisher":"https:\/\/www.facebook.com\/klbkoetztal","article_modified_time":"2026-02-25T11:03:04+00:00","og_image":[{"width":500,"height":500,"url":"https:\/\/dev.klb-koetztal.de\/app\/uploads\/2022\/03\/PU812_E.jpg","type":"image\/jpeg"}],"twitter_card":"summary_large_image","schema":{"@context":"https:\/\/schema.org","@graph":[{"@type":"WebPage","@id":"https:\/\/dev.klb-koetztal.de\/en\/produkt\/klb-system-polyurethan-pu-812-e\/","url":"https:\/\/dev.klb-koetztal.de\/en\/produkt\/klb-system-polyurethan-pu-812-e\/","name":"Low-VOC, UV-stable top sealer PU 812 E | KLB K\u00f6tztal","isPartOf":{"@id":"https:\/\/dev.klb-koetztal.de\/en\/#website"},"primaryImageOfPage":{"@id":"https:\/\/dev.klb-koetztal.de\/en\/produkt\/klb-system-polyurethan-pu-812-e\/#primaryimage"},"image":{"@id":"https:\/\/dev.klb-koetztal.de\/en\/produkt\/klb-system-polyurethan-pu-812-e\/#primaryimage"},"thumbnailUrl":"https:\/\/dev.klb-koetztal.de\/app\/uploads\/2022\/03\/PU812_E.jpg","datePublished":"2021-08-19T07:01:30+00:00","dateModified":"2026-02-25T11:03:04+00:00","description":"Environmentally friendly, coloured, UV-stable, matt sealer PU 812 E with low tendency to staining | KLB reactive resin coverings \u2714\ufe0f AgBB, EMICODE, Eurofins","breadcrumb":{"@id":"https:\/\/dev.klb-koetztal.de\/en\/produkt\/klb-system-polyurethan-pu-812-e\/#breadcrumb"},"inLanguage":"en-GB","potentialAction":[{"@type":"ReadAction","target":["https:\/\/dev.klb-koetztal.de\/en\/produkt\/klb-system-polyurethan-pu-812-e\/"]}]},{"@type":"ImageObject","inLanguage":"en-GB","@id":"https:\/\/dev.klb-koetztal.de\/en\/produkt\/klb-system-polyurethan-pu-812-e\/#primaryimage","url":"https:\/\/dev.klb-koetztal.de\/app\/uploads\/2022\/03\/PU812_E.jpg","contentUrl":"https:\/\/dev.klb-koetztal.de\/app\/uploads\/2022\/03\/PU812_E.jpg","width":500,"height":500},{"@type":"BreadcrumbList","@id":"https:\/\/dev.klb-koetztal.de\/en\/produkt\/klb-system-polyurethan-pu-812-e\/#breadcrumb","itemListElement":[{"@type":"ListItem","position":1,"name":"Startseite","item":"https:\/\/dev.klb-koetztal.de\/en\/"},{"@type":"ListItem","position":2,"name":"KLB-SYSTEM POLYURETHAN PU 812 E"}]},{"@type":"WebSite","@id":"https:\/\/dev.klb-koetztal.de\/en\/#website","url":"https:\/\/dev.klb-koetztal.de\/en\/","name":"KLB K\u00f6tztal","description":"Gute B\u00f6den haben ein System.","potentialAction":[{"@type":"SearchAction","target":{"@type":"EntryPoint","urlTemplate":"https:\/\/dev.klb-koetztal.de\/en\/?s={search_term_string}"},"query-input":{"@type":"PropertyValueSpecification","valueRequired":true,"valueName":"search_term_string"}}],"inLanguage":"en-GB"}]}},"_links":{"self":[{"href":"https:\/\/dev.klb-koetztal.de\/en\/wp-json\/wp\/v2\/product\/46705","targetHints":{"allow":["GET"]}}],"collection":[{"href":"https:\/\/dev.klb-koetztal.de\/en\/wp-json\/wp\/v2\/product"}],"about":[{"href":"https:\/\/dev.klb-koetztal.de\/en\/wp-json\/wp\/v2\/types\/product"}],"wp:featuredmedia":[{"embeddable":true,"href":"https:\/\/dev.klb-koetztal.de\/en\/wp-json\/wp\/v2\/media\/49506"}],"wp:attachment":[{"href":"https:\/\/dev.klb-koetztal.de\/en\/wp-json\/wp\/v2\/media?parent=46705"}],"wp:term":[{"taxonomy":"product_brand","embeddable":true,"href":"https:\/\/dev.klb-koetztal.de\/en\/wp-json\/wp\/v2\/product_brand?post=46705"},{"taxonomy":"product_cat","embeddable":true,"href":"https:\/\/dev.klb-koetztal.de\/en\/wp-json\/wp\/v2\/product_cat?post=46705"},{"taxonomy":"product_tag","embeddable":true,"href":"https:\/\/dev.klb-koetztal.de\/en\/wp-json\/wp\/v2\/product_tag?post=46705"}],"curies":[{"name":"wp","href":"https:\/\/api.w.org\/{rel}","templated":true}]}}