{"id":46702,"date":"2021-08-19T09:00:47","date_gmt":"2021-08-19T07:00:47","guid":{"rendered":"https:\/\/dev.klb-koetztal.de\/produkt\/klb-system-polyurethan-pu-662\/"},"modified":"2026-02-26T13:10:45","modified_gmt":"2026-02-26T12:10:45","slug":"klb-system-polyurethan-pu-662","status":"publish","type":"product","link":"https:\/\/dev.klb-koetztal.de\/en\/produkt\/klb-system-polyurethan-pu-662\/","title":{"rendered":"KLB-SYSTEM POLYURETHAN PU 662"},"content":{"rendered":"","protected":false},"excerpt":{"rendered":"<p>KLB-SYSTEM POLYURETHAN PU 662 is used for producing low-emission, smooth, pore-free&#160;and&#160;jointless wall or ceiling coverings which are applied in several work steps.<br \/>\nDepending on the requirements for durability and appearance, application is done in 2&#160;- 4 layers with respective intermediate grinding.<\/p>\n","protected":false},"featured_media":51078,"template":"","meta":{"_acf_changed":false},"product_brand":[],"product_cat":[9609,9627],"product_tag":[],"class_list":{"0":"post-46702","1":"product","2":"type-product","3":"status-publish","4":"has-post-thumbnail","6":"product_cat-coatings","7":"product_cat-wall-coatings-and-sealers","9":"first","10":"instock","11":"shipping-taxable","12":"product-type-simple"},"acf":{"product_header":{"module_product_header":{"":null,"prototype_headline":{"headline":"KLB-SYSTEM POLYURETHAN PU 662","h1":true,"subheadline":"Low-emission, paste-like 2-component polyurethane wall coating for smooth surfaces on wall and ceiling","anchor":"","url":""},"grid_text_slider":false,"grid_text_content":[{"text":"<p class=\"product-short-title\" style=\"text-align: center;\"><strong>Brief description<\/strong><\/p>\n<p>KLB-SYSTEM POLYURETHAN PU 662 is used for producing low-emission, smooth, pore-free&#160;and&#160;jointless wall or ceiling coverings which are applied in several work steps.<\/p>\n<p>Depending on the requirements for durability and appearance, application is done in 2&#160;- 4 layers with respective intermediate grinding.<\/p>\n","width":"4","background_color_text":"bg-white","border_color":"border-gray-light"},{"text":"<p class=\"product-sicing-title\" style=\"text-align: center;\"><strong>Packaging units<\/strong><\/p>\n<ul>\n<li>AK6942-47 &#8211; Bucket combo 12.00 kg<\/li>\n<\/ul>\n<p><\/p>\n<p>Please do not hesitate to contact us directly for enquiries about larger delivery quantities or packaging units.<\/p>\n\n","width":"4","background_color_text":"bg-white","border_color":"border-gray-light"},{"text":"<p class=\"product-attr-title\" style=\"text-align: center;\"><strong>Properties<\/strong><\/p>\n<ul>\n<li>coloured surface<\/li>\n<li>even surface<\/li>\n<li>tested, low-emission quality<\/li>\n<li>optically appealing<\/li>\n<li>solvent-free<\/li>\n<li>jointless coating<\/li>\n<li>crack-bridging<\/li>\n<li>high mechanical resistance<\/li>\n<li>good processing properties<\/li>\n<li>stable setting<\/li>\n<li>good resistance to water and chemicals<\/li>\n<li>Total Solid according to GISCODE (Test method &#8220;Deutsche Bauchemie&#8221;)<\/li>\n<\/ul>\n","width":"4","background_color_text":"bg-white","border_color":"border-gray-light"}],"background_color":"bg-none","background_color_content":"bg-none"}},"downloads":{"module_download_list":{"inhalt":null,"downloads":[{"download":{"ID":64059,"id":64059,"title":"PU_662_PI_en_2024_12","filename":"PU_662_PI_en_2024_12.pdf","filesize":574948,"url":"https:\/\/dev.klb-koetztal.de\/app\/uploads\/2024\/12\/PU_662_PI_en_2024_12.pdf","link":"https:\/\/dev.klb-koetztal.de\/en\/?attachment_id=64059","alt":"","author":"7","description":"","caption":"","name":"pu_662_pi_en_2024_12-2","status":"inherit","uploaded_to":0,"date":"2024-12-18 14:00:14","modified":"2024-12-18 14:00:14","menu_order":0,"mime_type":"application\/pdf","type":"application","subtype":"pdf","icon":"https:\/\/dev.klb-koetztal.de\/wp\/wp-includes\/images\/media\/document.png"},"filename":"Product Information","protected":false,"doclang":"GB","externalkey":"Produktinformation","docpos":"2"},{"download":{"ID":64062,"id":64062,"title":"PU_662_PI_fr_2024_12","filename":"PU_662_PI_fr_2024_12.pdf","filesize":580765,"url":"https:\/\/dev.klb-koetztal.de\/app\/uploads\/2024\/12\/PU_662_PI_fr_2024_12.pdf","link":"https:\/\/dev.klb-koetztal.de\/en\/?attachment_id=64062","alt":"","author":"7","description":"","caption":"","name":"pu_662_pi_fr_2024_12-2","status":"inherit","uploaded_to":0,"date":"2024-12-18 14:00:16","modified":"2024-12-18 14:00:16","menu_order":0,"mime_type":"application\/pdf","type":"application","subtype":"pdf","icon":"https:\/\/dev.klb-koetztal.de\/wp\/wp-includes\/images\/media\/document.png"},"filename":"Information Produit FR","protected":false,"doclang":"FR","externalkey":"Produktinformation","docpos":"3"},{"download":{"ID":51275,"id":51275,"title":"EPD-Information","filename":"PU662_Umwelt-Deklaration_2022-06.pdf","filesize":4375616,"url":"https:\/\/dev.klb-koetztal.de\/app\/uploads\/2022\/06\/PU662_Umwelt-Deklaration_2022-06.pdf","link":"https:\/\/dev.klb-koetztal.de\/en\/?attachment_id=51275","alt":"","author":"7","description":"","caption":"","name":"pu662_umwelt-deklaration_2022-06","status":"inherit","uploaded_to":0,"date":"2022-06-23 13:32:45","modified":"2026-02-26 12:10:53","menu_order":0,"mime_type":"application\/pdf","type":"application","subtype":"pdf","icon":"https:\/\/dev.klb-koetztal.de\/wp\/wp-includes\/images\/media\/document.png"},"filename":"EPD - Environmental Product Declaration","protected":false,"doclang":"Multi","externalkey":"Umweltproduktdeklaration","docpos":"50"},{"download":false,"filename":"Safety data sheet","protected":true,"doclang":"GB","externalkey":"Sicherheitsdatenblatt","docpos":"2"},{"download":false,"filename":"Fiche de donn\u00e9es de s\u00e9curit\u00e9 FR","protected":true,"doclang":"FR","externalkey":"Sicherheitsdatenblatt","docpos":"3"}],"einstellungen":null,"background_color":"bg-none","background_color_content":"bg-none"}},"included_in_systems":{"module_included_in_systems":{"":null,"background_color":"bg-gray-medium","background_color_content":"bg-none"}},"contact":{"module_contact":{"":null,"background_color":"bg-none","background_color_content":"bg-none"}},"ausschreibende":{"module_ausschreibende":{"andern_sie_den_inhalt_unter_universelle_elemente":null,"background_color":"bg-none","background_color_content":"bg-none"}}},"yoast_head":"<!-- This site is optimized with the Yoast SEO plugin v27.0 - https:\/\/yoast.com\/product\/yoast-seo-wordpress\/ -->\n<title>Low-VOC, smooth 2-comp. wall coating PU 662 | KLB K\u00f6tztal<\/title>\n<meta name=\"description\" content=\"Low-emission, paste-like, stable wall coating PU 662 for smooth coverings on wall and ceiling | KLB coatings \u2714\ufe0f DIBt\u00ae, AgBB-compliant, Eurofins\" \/>\n<meta name=\"robots\" content=\"noindex, follow, max-snippet:-1, max-image-preview:large, max-video-preview:-1\" \/>\n<meta property=\"og:locale\" content=\"en_GB\" \/>\n<meta property=\"og:type\" content=\"article\" \/>\n<meta property=\"og:title\" content=\"Low-VOC, smooth 2-comp. wall coating PU 662 | KLB K\u00f6tztal\" \/>\n<meta property=\"og:description\" content=\"Low-emission, paste-like, stable wall coating PU 662 for smooth coverings on wall and ceiling | KLB coatings \u2714\ufe0f DIBt\u00ae, AgBB-compliant, Eurofins\" \/>\n<meta property=\"og:url\" content=\"https:\/\/dev.klb-koetztal.de\/en\/produkt\/klb-system-polyurethan-pu-662\/\" \/>\n<meta property=\"og:site_name\" content=\"KLB K\u00f6tztal\" \/>\n<meta property=\"article:publisher\" content=\"https:\/\/www.facebook.com\/klbkoetztal\" \/>\n<meta property=\"article:modified_time\" content=\"2026-02-26T12:10:45+00:00\" \/>\n<meta property=\"og:image\" content=\"https:\/\/dev.klb-koetztal.de\/app\/uploads\/2022\/04\/PU_662_KLB-Wandbeschichtung_Wandbelag_emissionsarm_12kg_Kombi.jpg\" \/>\n\t<meta property=\"og:image:width\" content=\"600\" \/>\n\t<meta property=\"og:image:height\" content=\"600\" \/>\n\t<meta property=\"og:image:type\" content=\"image\/jpeg\" \/>\n<meta name=\"twitter:card\" content=\"summary_large_image\" \/>\n<script type=\"application\/ld+json\" class=\"yoast-schema-graph\">{\"@context\":\"https:\/\/schema.org\",\"@graph\":[{\"@type\":\"WebPage\",\"@id\":\"https:\/\/dev.klb-koetztal.de\/en\/produkt\/klb-system-polyurethan-pu-662\/\",\"url\":\"https:\/\/dev.klb-koetztal.de\/en\/produkt\/klb-system-polyurethan-pu-662\/\",\"name\":\"Low-VOC, smooth 2-comp. wall coating PU 662 | KLB K\u00f6tztal\",\"isPartOf\":{\"@id\":\"https:\/\/dev.klb-koetztal.de\/en\/#website\"},\"primaryImageOfPage\":{\"@id\":\"https:\/\/dev.klb-koetztal.de\/en\/produkt\/klb-system-polyurethan-pu-662\/#primaryimage\"},\"image\":{\"@id\":\"https:\/\/dev.klb-koetztal.de\/en\/produkt\/klb-system-polyurethan-pu-662\/#primaryimage\"},\"thumbnailUrl\":\"https:\/\/dev.klb-koetztal.de\/app\/uploads\/2022\/04\/PU_662_KLB-Wandbeschichtung_Wandbelag_emissionsarm_12kg_Kombi.jpg\",\"datePublished\":\"2021-08-19T07:00:47+00:00\",\"dateModified\":\"2026-02-26T12:10:45+00:00\",\"description\":\"Low-emission, paste-like, stable wall coating PU 662 for smooth coverings on wall and ceiling | KLB coatings \u2714\ufe0f DIBt\u00ae, AgBB-compliant, Eurofins\",\"breadcrumb\":{\"@id\":\"https:\/\/dev.klb-koetztal.de\/en\/produkt\/klb-system-polyurethan-pu-662\/#breadcrumb\"},\"inLanguage\":\"en-GB\",\"potentialAction\":[{\"@type\":\"ReadAction\",\"target\":[\"https:\/\/dev.klb-koetztal.de\/en\/produkt\/klb-system-polyurethan-pu-662\/\"]}]},{\"@type\":\"ImageObject\",\"inLanguage\":\"en-GB\",\"@id\":\"https:\/\/dev.klb-koetztal.de\/en\/produkt\/klb-system-polyurethan-pu-662\/#primaryimage\",\"url\":\"https:\/\/dev.klb-koetztal.de\/app\/uploads\/2022\/04\/PU_662_KLB-Wandbeschichtung_Wandbelag_emissionsarm_12kg_Kombi.jpg\",\"contentUrl\":\"https:\/\/dev.klb-koetztal.de\/app\/uploads\/2022\/04\/PU_662_KLB-Wandbeschichtung_Wandbelag_emissionsarm_12kg_Kombi.jpg\",\"width\":600,\"height\":600},{\"@type\":\"BreadcrumbList\",\"@id\":\"https:\/\/dev.klb-koetztal.de\/en\/produkt\/klb-system-polyurethan-pu-662\/#breadcrumb\",\"itemListElement\":[{\"@type\":\"ListItem\",\"position\":1,\"name\":\"Startseite\",\"item\":\"https:\/\/dev.klb-koetztal.de\/en\/\"},{\"@type\":\"ListItem\",\"position\":2,\"name\":\"KLB-SYSTEM POLYURETHAN PU 662\"}]},{\"@type\":\"WebSite\",\"@id\":\"https:\/\/dev.klb-koetztal.de\/en\/#website\",\"url\":\"https:\/\/dev.klb-koetztal.de\/en\/\",\"name\":\"KLB K\u00f6tztal\",\"description\":\"Gute B\u00f6den haben ein System.\",\"potentialAction\":[{\"@type\":\"SearchAction\",\"target\":{\"@type\":\"EntryPoint\",\"urlTemplate\":\"https:\/\/dev.klb-koetztal.de\/en\/?s={search_term_string}\"},\"query-input\":{\"@type\":\"PropertyValueSpecification\",\"valueRequired\":true,\"valueName\":\"search_term_string\"}}],\"inLanguage\":\"en-GB\"}]}<\/script>\n<!-- \/ Yoast SEO plugin. -->","yoast_head_json":{"title":"Low-VOC, smooth 2-comp. wall coating PU 662 | KLB K\u00f6tztal","description":"Low-emission, paste-like, stable wall coating PU 662 for smooth coverings on wall and ceiling | KLB coatings \u2714\ufe0f DIBt\u00ae, AgBB-compliant, Eurofins","robots":{"index":"noindex","follow":"follow","max-snippet":"max-snippet:-1","max-image-preview":"max-image-preview:large","max-video-preview":"max-video-preview:-1"},"og_locale":"en_GB","og_type":"article","og_title":"Low-VOC, smooth 2-comp. wall coating PU 662 | KLB K\u00f6tztal","og_description":"Low-emission, paste-like, stable wall coating PU 662 for smooth coverings on wall and ceiling | KLB coatings \u2714\ufe0f DIBt\u00ae, AgBB-compliant, Eurofins","og_url":"https:\/\/dev.klb-koetztal.de\/en\/produkt\/klb-system-polyurethan-pu-662\/","og_site_name":"KLB K\u00f6tztal","article_publisher":"https:\/\/www.facebook.com\/klbkoetztal","article_modified_time":"2026-02-26T12:10:45+00:00","og_image":[{"width":600,"height":600,"url":"https:\/\/dev.klb-koetztal.de\/app\/uploads\/2022\/04\/PU_662_KLB-Wandbeschichtung_Wandbelag_emissionsarm_12kg_Kombi.jpg","type":"image\/jpeg"}],"twitter_card":"summary_large_image","schema":{"@context":"https:\/\/schema.org","@graph":[{"@type":"WebPage","@id":"https:\/\/dev.klb-koetztal.de\/en\/produkt\/klb-system-polyurethan-pu-662\/","url":"https:\/\/dev.klb-koetztal.de\/en\/produkt\/klb-system-polyurethan-pu-662\/","name":"Low-VOC, smooth 2-comp. wall coating PU 662 | KLB K\u00f6tztal","isPartOf":{"@id":"https:\/\/dev.klb-koetztal.de\/en\/#website"},"primaryImageOfPage":{"@id":"https:\/\/dev.klb-koetztal.de\/en\/produkt\/klb-system-polyurethan-pu-662\/#primaryimage"},"image":{"@id":"https:\/\/dev.klb-koetztal.de\/en\/produkt\/klb-system-polyurethan-pu-662\/#primaryimage"},"thumbnailUrl":"https:\/\/dev.klb-koetztal.de\/app\/uploads\/2022\/04\/PU_662_KLB-Wandbeschichtung_Wandbelag_emissionsarm_12kg_Kombi.jpg","datePublished":"2021-08-19T07:00:47+00:00","dateModified":"2026-02-26T12:10:45+00:00","description":"Low-emission, paste-like, stable wall coating PU 662 for smooth coverings on wall and ceiling | KLB coatings \u2714\ufe0f DIBt\u00ae, AgBB-compliant, Eurofins","breadcrumb":{"@id":"https:\/\/dev.klb-koetztal.de\/en\/produkt\/klb-system-polyurethan-pu-662\/#breadcrumb"},"inLanguage":"en-GB","potentialAction":[{"@type":"ReadAction","target":["https:\/\/dev.klb-koetztal.de\/en\/produkt\/klb-system-polyurethan-pu-662\/"]}]},{"@type":"ImageObject","inLanguage":"en-GB","@id":"https:\/\/dev.klb-koetztal.de\/en\/produkt\/klb-system-polyurethan-pu-662\/#primaryimage","url":"https:\/\/dev.klb-koetztal.de\/app\/uploads\/2022\/04\/PU_662_KLB-Wandbeschichtung_Wandbelag_emissionsarm_12kg_Kombi.jpg","contentUrl":"https:\/\/dev.klb-koetztal.de\/app\/uploads\/2022\/04\/PU_662_KLB-Wandbeschichtung_Wandbelag_emissionsarm_12kg_Kombi.jpg","width":600,"height":600},{"@type":"BreadcrumbList","@id":"https:\/\/dev.klb-koetztal.de\/en\/produkt\/klb-system-polyurethan-pu-662\/#breadcrumb","itemListElement":[{"@type":"ListItem","position":1,"name":"Startseite","item":"https:\/\/dev.klb-koetztal.de\/en\/"},{"@type":"ListItem","position":2,"name":"KLB-SYSTEM POLYURETHAN PU 662"}]},{"@type":"WebSite","@id":"https:\/\/dev.klb-koetztal.de\/en\/#website","url":"https:\/\/dev.klb-koetztal.de\/en\/","name":"KLB K\u00f6tztal","description":"Gute B\u00f6den haben ein System.","potentialAction":[{"@type":"SearchAction","target":{"@type":"EntryPoint","urlTemplate":"https:\/\/dev.klb-koetztal.de\/en\/?s={search_term_string}"},"query-input":{"@type":"PropertyValueSpecification","valueRequired":true,"valueName":"search_term_string"}}],"inLanguage":"en-GB"}]}},"_links":{"self":[{"href":"https:\/\/dev.klb-koetztal.de\/en\/wp-json\/wp\/v2\/product\/46702","targetHints":{"allow":["GET"]}}],"collection":[{"href":"https:\/\/dev.klb-koetztal.de\/en\/wp-json\/wp\/v2\/product"}],"about":[{"href":"https:\/\/dev.klb-koetztal.de\/en\/wp-json\/wp\/v2\/types\/product"}],"wp:featuredmedia":[{"embeddable":true,"href":"https:\/\/dev.klb-koetztal.de\/en\/wp-json\/wp\/v2\/media\/51078"}],"wp:attachment":[{"href":"https:\/\/dev.klb-koetztal.de\/en\/wp-json\/wp\/v2\/media?parent=46702"}],"wp:term":[{"taxonomy":"product_brand","embeddable":true,"href":"https:\/\/dev.klb-koetztal.de\/en\/wp-json\/wp\/v2\/product_brand?post=46702"},{"taxonomy":"product_cat","embeddable":true,"href":"https:\/\/dev.klb-koetztal.de\/en\/wp-json\/wp\/v2\/product_cat?post=46702"},{"taxonomy":"product_tag","embeddable":true,"href":"https:\/\/dev.klb-koetztal.de\/en\/wp-json\/wp\/v2\/product_tag?post=46702"}],"curies":[{"name":"wp","href":"https:\/\/api.w.org\/{rel}","templated":true}]}}