{"id":46700,"date":"2021-08-19T09:00:04","date_gmt":"2021-08-19T07:00:04","guid":{"rendered":"https:\/\/dev.klb-koetztal.de\/produkt\/klb-system-polyurethan-pu-9010-flex\/"},"modified":"2026-03-16T14:17:11","modified_gmt":"2026-03-16T13:17:11","slug":"klb-system-polyurethan-pu-9010-flex","status":"publish","type":"product","link":"https:\/\/dev.klb-koetztal.de\/en\/produkt\/klb-system-polyurethan-pu-9010-flex\/","title":{"rendered":"KLB-SYSTEM POLYURETHAN PU 9010 Flex"},"content":{"rendered":"","protected":false},"excerpt":{"rendered":"<p>Non-pigmented,&#160;moisture-curing&#160;1-component polyurethane coating, which is light-stable and&#160;resistant to weathering or chalking, containing solvents. To be used as binding agent for quartz pebble coverings, for self-levellers&#160;and top coats on&#160;exterior surfaces.<\/p>\n","protected":false},"featured_media":49370,"template":"","meta":{"_acf_changed":false},"product_brand":[],"product_cat":[9615,9625,9621,9626],"product_tag":[],"class_list":{"0":"post-46700","1":"product","2":"type-product","3":"status-publish","4":"has-post-thumbnail","6":"product_cat-decor-binding-agent-top-sealer-pore-filling","7":"product_cat-decor-binding-agent","8":"product_cat-sealers-impregnations","9":"product_cat-1-component-polyurethane-sealers","11":"first","12":"instock","13":"shipping-taxable","14":"product-type-simple"},"acf":{"product_header":{"module_product_header":{"":null,"prototype_headline":{"headline":"KLB-SYSTEM POLYURETHAN PU 9010 Flex","h1":true,"subheadline":"Non-pigmented, light-stable and weather-resistant 1-component polyurethane coating","anchor":"","url":""},"grid_text_slider":false,"grid_text_content":[{"text":"<p class=\"product-short-title\" style=\"text-align: center;\"><strong>Brief description<\/strong><\/p>\n<p>Non-pigmented,&#160;moisture-curing&#160;1-component polyurethane coating, which is light-stable and&#160;resistant to weathering or chalking, containing solvents. To be used as binding agent for quartz pebble coverings, for self-levellers&#160;and top coats on&#160;exterior surfaces.<\/p>\n","width":"4","background_color_text":"bg-white","border_color":"border-gray-light"},{"text":"<p class=\"product-sicing-title\" style=\"text-align: center;\"><strong>Packaging units<\/strong><\/p>\n<ul>\n<li>PU6803-61 &#8211; Bucket 6.00 kg<\/li>\n<li>PU6803-47 &#8211; Bucket 12.00 kg<\/li>\n<\/ul>\n<p><\/p>\n<p>Please do not hesitate to contact us directly for enquiries about larger delivery quantities or packaging units.<\/p>\n\n","width":"4","background_color_text":"bg-white","border_color":"border-gray-light"},{"text":"<p class=\"product-attr-title\" style=\"text-align: center;\"><strong>Properties<\/strong><\/p>\n<ul>\n<li>viscoplastic<\/li>\n<li>resistant to abrasion and wear<\/li>\n<li>ready-to-use<\/li>\n<li>suitable for renovations<\/li>\n<\/ul>\n","width":"4","background_color_text":"bg-white","border_color":"border-gray-light"}],"background_color":"bg-none","background_color_content":"bg-none"}},"downloads":{"module_download_list":{"inhalt":null,"downloads":[{"download":{"ID":63696,"id":63696,"title":"PU_9010_Flex_PI_en_2024_10","filename":"PU_9010_Flex_PI_en_2024_10.pdf","filesize":284560,"url":"https:\/\/dev.klb-koetztal.de\/app\/uploads\/2024\/10\/PU_9010_Flex_PI_en_2024_10.pdf","link":"https:\/\/dev.klb-koetztal.de\/en\/?attachment_id=63696","alt":"","author":"7","description":"","caption":"","name":"pu_9010_flex_pi_en_2024_10-2","status":"inherit","uploaded_to":0,"date":"2024-10-30 12:10:30","modified":"2024-10-30 12:10:30","menu_order":0,"mime_type":"application\/pdf","type":"application","subtype":"pdf","icon":"https:\/\/dev.klb-koetztal.de\/wp\/wp-includes\/images\/media\/document.png"},"filename":"Product Information","protected":false,"doclang":"GB","externalkey":"Produktinformation","docpos":"2"},{"download":{"ID":63699,"id":63699,"title":"PU_9010_Flex_PI_fr_2024_10","filename":"PU_9010_Flex_PI_fr_2024_10.pdf","filesize":288575,"url":"https:\/\/dev.klb-koetztal.de\/app\/uploads\/2024\/10\/PU_9010_Flex_PI_fr_2024_10.pdf","link":"https:\/\/dev.klb-koetztal.de\/en\/?attachment_id=63699","alt":"","author":"7","description":"","caption":"","name":"pu_9010_flex_pi_fr_2024_10-2","status":"inherit","uploaded_to":0,"date":"2024-10-30 12:10:32","modified":"2024-10-30 12:10:32","menu_order":0,"mime_type":"application\/pdf","type":"application","subtype":"pdf","icon":"https:\/\/dev.klb-koetztal.de\/wp\/wp-includes\/images\/media\/document.png"},"filename":"Information Produit FR","protected":false,"doclang":"FR","externalkey":"Produktinformation","docpos":"3"},{"download":{"ID":63679,"id":63679,"title":"PU_9010_Flex_LE_en_2024_10","filename":"PU_9010_Flex_LE_en_2024_10.pdf","filesize":184792,"url":"https:\/\/dev.klb-koetztal.de\/app\/uploads\/2024\/10\/PU_9010_Flex_LE_en_2024_10.pdf","link":"https:\/\/dev.klb-koetztal.de\/en\/?attachment_id=63679","alt":"","author":"7","description":"","caption":"","name":"pu_9010_flex_le_en_2024_10-2","status":"inherit","uploaded_to":0,"date":"2024-10-30 10:10:12","modified":"2024-10-30 10:10:12","menu_order":0,"mime_type":"application\/pdf","type":"application","subtype":"pdf","icon":"https:\/\/dev.klb-koetztal.de\/wp\/wp-includes\/images\/media\/document.png"},"filename":"Statement of performance","protected":false,"doclang":"GB","externalkey":"Leistungserklaerung","docpos":"2"},{"download":{"ID":63682,"id":63682,"title":"PU_9010_Flex_LE_fr_2024_10","filename":"PU_9010_Flex_LE_fr_2024_10.pdf","filesize":183996,"url":"https:\/\/dev.klb-koetztal.de\/app\/uploads\/2024\/10\/PU_9010_Flex_LE_fr_2024_10.pdf","link":"https:\/\/dev.klb-koetztal.de\/en\/?attachment_id=63682","alt":"","author":"7","description":"","caption":"","name":"pu_9010_flex_le_fr_2024_10-2","status":"inherit","uploaded_to":0,"date":"2024-10-30 10:10:13","modified":"2024-10-30 10:10:13","menu_order":0,"mime_type":"application\/pdf","type":"application","subtype":"pdf","icon":"https:\/\/dev.klb-koetztal.de\/wp\/wp-includes\/images\/media\/document.png"},"filename":"Declaration of performance","protected":false,"doclang":"FR","externalkey":"Leistungserklaerung","docpos":"3"},{"download":{"ID":51293,"id":51293,"title":"EPD-Information","filename":"PU9010Flex_Umwelt-Deklaration_2022-06.pdf","filesize":2558726,"url":"https:\/\/dev.klb-koetztal.de\/app\/uploads\/2022\/06\/PU9010Flex_Umwelt-Deklaration_2022-06.pdf","link":"https:\/\/dev.klb-koetztal.de\/en\/?attachment_id=51293","alt":"","author":"7","description":"","caption":"","name":"pu9010flex_umwelt-deklaration_2022-06","status":"inherit","uploaded_to":0,"date":"2022-06-23 13:52:46","modified":"2026-03-16 13:17:22","menu_order":0,"mime_type":"application\/pdf","type":"application","subtype":"pdf","icon":"https:\/\/dev.klb-koetztal.de\/wp\/wp-includes\/images\/media\/document.png"},"filename":"EPD - Environmental Product Declaration","protected":false,"doclang":"Multi","externalkey":"Umweltproduktdeklaration","docpos":"50"},{"download":false,"filename":"Safety data sheet","protected":true,"doclang":"GB","externalkey":"Sicherheitsdatenblatt","docpos":"2"},{"download":false,"filename":"Fiche de donn\u00e9es de s\u00e9curit\u00e9 FR","protected":true,"doclang":"FR","externalkey":"Sicherheitsdatenblatt","docpos":"3"}],"einstellungen":null,"background_color":"bg-none","background_color_content":"bg-none"}},"included_in_systems":{"module_included_in_systems":{"":null,"background_color":"bg-gray-medium","background_color_content":"bg-none"}},"contact":{"module_contact":{"":null,"background_color":"bg-none","background_color_content":"bg-none"}},"ausschreibende":{"module_ausschreibende":{"andern_sie_den_inhalt_unter_universelle_elemente":null,"background_color":"bg-none","background_color_content":"bg-none"}}},"yoast_head":"<!-- This site is optimized with the Yoast SEO plugin v27.0 - https:\/\/yoast.com\/product\/yoast-seo-wordpress\/ -->\n<title>Transparent 1-component coating PU 9010 Flex | KLB K\u00f6tztal<\/title>\n<meta name=\"description\" content=\"Non-pigmented, light and chalk-resistan coating PU 9010 Flex for outdoor areas | KLB floor coverings \u2714\ufe0fmoisture-curing, no bubble formation\" \/>\n<meta name=\"robots\" content=\"noindex, follow, max-snippet:-1, max-image-preview:large, max-video-preview:-1\" \/>\n<meta property=\"og:locale\" content=\"en_GB\" \/>\n<meta property=\"og:type\" content=\"article\" \/>\n<meta property=\"og:title\" content=\"Transparent 1-component coating PU 9010 Flex | KLB K\u00f6tztal\" \/>\n<meta property=\"og:description\" content=\"Non-pigmented, light and chalk-resistan coating PU 9010 Flex for outdoor areas | KLB floor coverings \u2714\ufe0fmoisture-curing, no bubble formation\" \/>\n<meta property=\"og:url\" content=\"https:\/\/dev.klb-koetztal.de\/en\/produkt\/klb-system-polyurethan-pu-9010-flex\/\" \/>\n<meta property=\"og:site_name\" content=\"KLB K\u00f6tztal\" \/>\n<meta property=\"article:publisher\" content=\"https:\/\/www.facebook.com\/klbkoetztal\" \/>\n<meta property=\"article:modified_time\" content=\"2026-03-16T13:17:11+00:00\" \/>\n<meta property=\"og:image\" content=\"https:\/\/dev.klb-koetztal.de\/app\/uploads\/2022\/03\/PU9010_Flex.jpg\" \/>\n\t<meta property=\"og:image:width\" content=\"500\" \/>\n\t<meta property=\"og:image:height\" content=\"500\" \/>\n\t<meta property=\"og:image:type\" content=\"image\/jpeg\" \/>\n<meta name=\"twitter:card\" content=\"summary_large_image\" \/>\n<script type=\"application\/ld+json\" class=\"yoast-schema-graph\">{\"@context\":\"https:\/\/schema.org\",\"@graph\":[{\"@type\":\"WebPage\",\"@id\":\"https:\/\/dev.klb-koetztal.de\/en\/produkt\/klb-system-polyurethan-pu-9010-flex\/\",\"url\":\"https:\/\/dev.klb-koetztal.de\/en\/produkt\/klb-system-polyurethan-pu-9010-flex\/\",\"name\":\"Transparent 1-component coating PU 9010 Flex | KLB K\u00f6tztal\",\"isPartOf\":{\"@id\":\"https:\/\/dev.klb-koetztal.de\/en\/#website\"},\"primaryImageOfPage\":{\"@id\":\"https:\/\/dev.klb-koetztal.de\/en\/produkt\/klb-system-polyurethan-pu-9010-flex\/#primaryimage\"},\"image\":{\"@id\":\"https:\/\/dev.klb-koetztal.de\/en\/produkt\/klb-system-polyurethan-pu-9010-flex\/#primaryimage\"},\"thumbnailUrl\":\"https:\/\/dev.klb-koetztal.de\/app\/uploads\/2022\/03\/PU9010_Flex.jpg\",\"datePublished\":\"2021-08-19T07:00:04+00:00\",\"dateModified\":\"2026-03-16T13:17:11+00:00\",\"description\":\"Non-pigmented, light and chalk-resistan coating PU 9010 Flex for outdoor areas | KLB floor coverings \u2714\ufe0fmoisture-curing, no bubble formation\",\"breadcrumb\":{\"@id\":\"https:\/\/dev.klb-koetztal.de\/en\/produkt\/klb-system-polyurethan-pu-9010-flex\/#breadcrumb\"},\"inLanguage\":\"en-GB\",\"potentialAction\":[{\"@type\":\"ReadAction\",\"target\":[\"https:\/\/dev.klb-koetztal.de\/en\/produkt\/klb-system-polyurethan-pu-9010-flex\/\"]}]},{\"@type\":\"ImageObject\",\"inLanguage\":\"en-GB\",\"@id\":\"https:\/\/dev.klb-koetztal.de\/en\/produkt\/klb-system-polyurethan-pu-9010-flex\/#primaryimage\",\"url\":\"https:\/\/dev.klb-koetztal.de\/app\/uploads\/2022\/03\/PU9010_Flex.jpg\",\"contentUrl\":\"https:\/\/dev.klb-koetztal.de\/app\/uploads\/2022\/03\/PU9010_Flex.jpg\",\"width\":500,\"height\":500},{\"@type\":\"BreadcrumbList\",\"@id\":\"https:\/\/dev.klb-koetztal.de\/en\/produkt\/klb-system-polyurethan-pu-9010-flex\/#breadcrumb\",\"itemListElement\":[{\"@type\":\"ListItem\",\"position\":1,\"name\":\"Startseite\",\"item\":\"https:\/\/dev.klb-koetztal.de\/en\/\"},{\"@type\":\"ListItem\",\"position\":2,\"name\":\"KLB-SYSTEM POLYURETHAN PU 9010 Flex\"}]},{\"@type\":\"WebSite\",\"@id\":\"https:\/\/dev.klb-koetztal.de\/en\/#website\",\"url\":\"https:\/\/dev.klb-koetztal.de\/en\/\",\"name\":\"KLB K\u00f6tztal\",\"description\":\"Gute B\u00f6den haben ein System.\",\"potentialAction\":[{\"@type\":\"SearchAction\",\"target\":{\"@type\":\"EntryPoint\",\"urlTemplate\":\"https:\/\/dev.klb-koetztal.de\/en\/?s={search_term_string}\"},\"query-input\":{\"@type\":\"PropertyValueSpecification\",\"valueRequired\":true,\"valueName\":\"search_term_string\"}}],\"inLanguage\":\"en-GB\"}]}<\/script>\n<!-- \/ Yoast SEO plugin. -->","yoast_head_json":{"title":"Transparent 1-component coating PU 9010 Flex | KLB K\u00f6tztal","description":"Non-pigmented, light and chalk-resistan coating PU 9010 Flex for outdoor areas | KLB floor coverings \u2714\ufe0fmoisture-curing, no bubble formation","robots":{"index":"noindex","follow":"follow","max-snippet":"max-snippet:-1","max-image-preview":"max-image-preview:large","max-video-preview":"max-video-preview:-1"},"og_locale":"en_GB","og_type":"article","og_title":"Transparent 1-component coating PU 9010 Flex | KLB K\u00f6tztal","og_description":"Non-pigmented, light and chalk-resistan coating PU 9010 Flex for outdoor areas | KLB floor coverings \u2714\ufe0fmoisture-curing, no bubble formation","og_url":"https:\/\/dev.klb-koetztal.de\/en\/produkt\/klb-system-polyurethan-pu-9010-flex\/","og_site_name":"KLB K\u00f6tztal","article_publisher":"https:\/\/www.facebook.com\/klbkoetztal","article_modified_time":"2026-03-16T13:17:11+00:00","og_image":[{"width":500,"height":500,"url":"https:\/\/dev.klb-koetztal.de\/app\/uploads\/2022\/03\/PU9010_Flex.jpg","type":"image\/jpeg"}],"twitter_card":"summary_large_image","schema":{"@context":"https:\/\/schema.org","@graph":[{"@type":"WebPage","@id":"https:\/\/dev.klb-koetztal.de\/en\/produkt\/klb-system-polyurethan-pu-9010-flex\/","url":"https:\/\/dev.klb-koetztal.de\/en\/produkt\/klb-system-polyurethan-pu-9010-flex\/","name":"Transparent 1-component coating PU 9010 Flex | KLB K\u00f6tztal","isPartOf":{"@id":"https:\/\/dev.klb-koetztal.de\/en\/#website"},"primaryImageOfPage":{"@id":"https:\/\/dev.klb-koetztal.de\/en\/produkt\/klb-system-polyurethan-pu-9010-flex\/#primaryimage"},"image":{"@id":"https:\/\/dev.klb-koetztal.de\/en\/produkt\/klb-system-polyurethan-pu-9010-flex\/#primaryimage"},"thumbnailUrl":"https:\/\/dev.klb-koetztal.de\/app\/uploads\/2022\/03\/PU9010_Flex.jpg","datePublished":"2021-08-19T07:00:04+00:00","dateModified":"2026-03-16T13:17:11+00:00","description":"Non-pigmented, light and chalk-resistan coating PU 9010 Flex for outdoor areas | KLB floor coverings \u2714\ufe0fmoisture-curing, no bubble formation","breadcrumb":{"@id":"https:\/\/dev.klb-koetztal.de\/en\/produkt\/klb-system-polyurethan-pu-9010-flex\/#breadcrumb"},"inLanguage":"en-GB","potentialAction":[{"@type":"ReadAction","target":["https:\/\/dev.klb-koetztal.de\/en\/produkt\/klb-system-polyurethan-pu-9010-flex\/"]}]},{"@type":"ImageObject","inLanguage":"en-GB","@id":"https:\/\/dev.klb-koetztal.de\/en\/produkt\/klb-system-polyurethan-pu-9010-flex\/#primaryimage","url":"https:\/\/dev.klb-koetztal.de\/app\/uploads\/2022\/03\/PU9010_Flex.jpg","contentUrl":"https:\/\/dev.klb-koetztal.de\/app\/uploads\/2022\/03\/PU9010_Flex.jpg","width":500,"height":500},{"@type":"BreadcrumbList","@id":"https:\/\/dev.klb-koetztal.de\/en\/produkt\/klb-system-polyurethan-pu-9010-flex\/#breadcrumb","itemListElement":[{"@type":"ListItem","position":1,"name":"Startseite","item":"https:\/\/dev.klb-koetztal.de\/en\/"},{"@type":"ListItem","position":2,"name":"KLB-SYSTEM POLYURETHAN PU 9010 Flex"}]},{"@type":"WebSite","@id":"https:\/\/dev.klb-koetztal.de\/en\/#website","url":"https:\/\/dev.klb-koetztal.de\/en\/","name":"KLB K\u00f6tztal","description":"Gute B\u00f6den haben ein System.","potentialAction":[{"@type":"SearchAction","target":{"@type":"EntryPoint","urlTemplate":"https:\/\/dev.klb-koetztal.de\/en\/?s={search_term_string}"},"query-input":{"@type":"PropertyValueSpecification","valueRequired":true,"valueName":"search_term_string"}}],"inLanguage":"en-GB"}]}},"_links":{"self":[{"href":"https:\/\/dev.klb-koetztal.de\/en\/wp-json\/wp\/v2\/product\/46700","targetHints":{"allow":["GET"]}}],"collection":[{"href":"https:\/\/dev.klb-koetztal.de\/en\/wp-json\/wp\/v2\/product"}],"about":[{"href":"https:\/\/dev.klb-koetztal.de\/en\/wp-json\/wp\/v2\/types\/product"}],"wp:featuredmedia":[{"embeddable":true,"href":"https:\/\/dev.klb-koetztal.de\/en\/wp-json\/wp\/v2\/media\/49370"}],"wp:attachment":[{"href":"https:\/\/dev.klb-koetztal.de\/en\/wp-json\/wp\/v2\/media?parent=46700"}],"wp:term":[{"taxonomy":"product_brand","embeddable":true,"href":"https:\/\/dev.klb-koetztal.de\/en\/wp-json\/wp\/v2\/product_brand?post=46700"},{"taxonomy":"product_cat","embeddable":true,"href":"https:\/\/dev.klb-koetztal.de\/en\/wp-json\/wp\/v2\/product_cat?post=46700"},{"taxonomy":"product_tag","embeddable":true,"href":"https:\/\/dev.klb-koetztal.de\/en\/wp-json\/wp\/v2\/product_tag?post=46700"}],"curies":[{"name":"wp","href":"https:\/\/api.w.org\/{rel}","templated":true}]}}