{"id":56225,"date":"2023-05-16T10:30:51","date_gmt":"2023-05-16T08:30:51","guid":{"rendered":"https:\/\/www.klb-koetztal.de\/?page_id=56225"},"modified":"2025-09-19T08:56:53","modified_gmt":"2025-09-19T06:56:53","slug":"opening-hours-and-goods-reception","status":"publish","type":"page","link":"https:\/\/dev.klb-koetztal.de\/en\/company\/opening-hours-and-goods-reception\/","title":{"rendered":"Opening hours and goods reception"},"content":{"rendered":"","protected":false},"excerpt":{"rendered":"","protected":false},"author":13,"featured_media":0,"parent":66063,"menu_order":47,"comment_status":"closed","ping_status":"closed","template":"page-templates\/page-builder.php","meta":{"_acf_changed":false,"footnotes":""},"class_list":["post-56225","page","type-page","status-publish","hentry"],"acf":{"page_builder":[{"acf_fc_layout":"module_header","module_header":{"":null,"slider":[{"background_image":{"ID":56118,"id":56118,"title":"20210610-DSC_2705","filename":"klb-logistik_warenannahme_oeffnungszeiten_20210610-DSC_2705-scaled.jpg","filesize":375943,"url":"https:\/\/dev.klb-koetztal.de\/app\/uploads\/2023\/05\/klb-logistik_warenannahme_oeffnungszeiten_20210610-DSC_2705-scaled.jpg","link":"https:\/\/dev.klb-koetztal.de\/en\/company\/opening-hours-and-goods-reception\/20210610-dsc_2705-2\/","alt":"oeffnungszeiten warenannahme logistik klb k\u00f6tztal","author":"11","description":"","caption":"","name":"20210610-dsc_2705-2","status":"inherit","uploaded_to":56225,"date":"2023-05-02 07:29:02","modified":"2023-05-11 08:54:36","menu_order":0,"mime_type":"image\/jpeg","type":"image","subtype":"jpeg","icon":"https:\/\/dev.klb-koetztal.de\/wp\/wp-includes\/images\/media\/default.png","width":2560,"height":1120,"sizes":{"thumbnail":"https:\/\/dev.klb-koetztal.de\/app\/uploads\/2023\/05\/20210610-DSC_2705-150x150.jpg","thumbnail-width":150,"thumbnail-height":150,"medium":"https:\/\/dev.klb-koetztal.de\/app\/uploads\/2023\/05\/20210610-DSC_2705-500x219.jpg","medium-width":500,"medium-height":219,"medium_large":"https:\/\/dev.klb-koetztal.de\/app\/uploads\/2023\/05\/klb-logistik_warenannahme_oeffnungszeiten_20210610-DSC_2705-scaled.jpg","medium_large-width":768,"medium_large-height":336,"large":"https:\/\/dev.klb-koetztal.de\/app\/uploads\/2023\/05\/20210610-DSC_2705-1920x840.jpg","large-width":1920,"large-height":840,"1536x1536":"https:\/\/dev.klb-koetztal.de\/app\/uploads\/2023\/05\/20210610-DSC_2705-1536x672.jpg","1536x1536-width":1536,"1536x1536-height":672,"2048x2048":"https:\/\/dev.klb-koetztal.de\/app\/uploads\/2023\/05\/20210610-DSC_2705-2048x896.jpg","2048x2048-width":2048,"2048x2048-height":896,"woocommerce_thumbnail":"https:\/\/dev.klb-koetztal.de\/app\/uploads\/2023\/05\/20210610-DSC_2705-300x300.jpg","woocommerce_thumbnail-width":300,"woocommerce_thumbnail-height":300,"woocommerce_single":"https:\/\/dev.klb-koetztal.de\/app\/uploads\/2023\/05\/20210610-DSC_2705-600x262.jpg","woocommerce_single-width":600,"woocommerce_single-height":262,"woocommerce_gallery_thumbnail":"https:\/\/dev.klb-koetztal.de\/app\/uploads\/2023\/05\/20210610-DSC_2705-100x100.jpg","woocommerce_gallery_thumbnail-width":100,"woocommerce_gallery_thumbnail-height":100}},"headline":"","subheadline":"","headline_color":"text-color-black","button_link":"","button_text":""}],"scroll_down_icon":true,"overlapping_content":true,"anchor":""}},{"acf_fc_layout":"module_grid_text","module_grid_text":{"":null,"prototype_headline":{"headline":"Service hours","h1":false,"subheadline":"You can reach our general and order hotlines during the following times:","anchor":"availability","url":""},"slider":false,"content":[{"text":"<p><strong>Monday to Thursday<\/strong>:<br \/>\n07:30 \u2013 12:00 and 13:00 \u2013 16:30<\/p>\n<p><strong>Friday<\/strong>:<br \/>\n07:30 \u2013 12:00 and 13:00 \u2013 14:30<\/p>\n","width":"12","background_color_text":"bg-none","border_color":"border-none"}],"match_height":false,"vertical_align":false,"share_buttons":false,"background_color":"bg-none","background_color_content":"bg-white"}},{"acf_fc_layout":"module_grid_text","module_grid_text":{"":null,"prototype_headline":{"headline":"Opening hours","h1":false,"subheadline":"Our reception in Ichenhausen welcomes you at the following times:","anchor":"","url":""},"slider":false,"content":[{"text":"<p><strong>Monday to Thursday<\/strong>:<br \/>\n08:00 \u2013 12:00 and 13:00 \u2013 16:00<\/p>\n<p><strong>Friday<\/strong>:<br \/>\n08:00 \u2013 12:00 and 13:00 \u2013 14:30<\/p>\n","width":"12","background_color_text":"bg-none","border_color":"border-gray-light"}],"match_height":false,"vertical_align":false,"share_buttons":false,"background_color":"bg-gray-light","background_color_content":"bg-none"}},{"acf_fc_layout":"module_grid_text","module_grid_text":{"":null,"prototype_headline":{"headline":"Incoming goods","h1":false,"subheadline":"Please note the following time slots for your delivery to us:","anchor":"","url":""},"slider":false,"content":[{"text":"<p><strong>Monday to Thursday<\/strong>:<br \/>\n07:00 \u2013 12:00 and 13:00 \u2013 16:00<\/p>\n<p><strong>Friday<\/strong>:<br \/>\n07:00 \u2013 12:00<\/p>\n<p><strong>Deliveries of tanker trucks<\/strong>:<br \/>\nMonday to Friday only between 07:00 and 12:00<\/p>\n","width":"12","background_color_text":"bg-none","border_color":"border-none"}],"match_height":false,"vertical_align":false,"share_buttons":false,"background_color":"bg-none","background_color_content":"bg-none"}},{"acf_fc_layout":"module_posts","module_posts":{"":null,"prototype_headline":{"headline":"Important documents for transport and safety","h1":false,"subheadline":"","anchor":"","url":""},"type":"terms","taxonomy":null,"filter_taxonomy":false,"terms":[{"term":[9512]}],"posts":null,"post_type":false,"post_per_page":"4","orderby":"date","sort":"DESC","button_text":"View the document","button_target":true,"button_style":"btn-blue","background_color":"bg-none","background_color_content":"bg-white","button":"ajax","url":null,"text":"","link_to_system_finder":""}},{"acf_fc_layout":"module_grid_text","module_grid_text":{"":null,"prototype_headline":{"headline":"How to get to us","h1":false,"subheadline":"","anchor":"","url":""},"slider":false,"content":[{"text":"<p style=\"text-align: center;\"><iframe loading=\"lazy\" tabindex=\"0\" src=\"https:\/\/www.google.com\/maps\/embed?pb=!1m18!1m12!1m3!1d2650.916114027302!2d10.30190231625587!3d48.36213554347182!2m3!1f0!2f0!3f0!3m2!1i1024!2i768!4f13.1!3m3!1m2!1s0x479950eb5095f185%3A0x70ccf5406da4a7f6!2sKLB%20K%C3%B6tztal%20Lacke%20%2B%20Beschichtungen%20GmbH!5e0!3m2!1sen!2sde!4v1624971357749!5m2!1sen!2sde\" width=\"100%\" height=\"400\" frameborder=\"0\" allowfullscreen=\"allowfullscreen\" aria-hidden=\"false\" data-mce-fragment=\"1\"><\/iframe><\/p>\n","width":"4","background_color_text":"bg-none","border_color":"border-none"},{"text":"<h4><strong>KLB K\u00f6tztal Lacke + Beschichtungen GmbH<\/strong><\/h4>\n<p>G\u00fcnztalstra\u00dfe 25<br \/>\n89335 Ichenhausen<br \/>\nGERMANY<\/p>\n<p>If you wish, you can download <a href=\"https:\/\/www.klb-koetztal.de\/app\/uploads\/2022\/01\/Directions_2012-12_GB.pdf\">detailed directions<\/a> here.<\/p>\n<p><strong>From direction Augsburg\/Munich (east):<\/strong><br \/>\nComing from Munich on the A 8 motorway, take the G\u00fcnzburg (Legoland) exit and turn onto the federal highway B 16 towards Ichenhausen\/Krumbach\/Kaufbeuren. Follow the signs to Ichenhausen.<\/p>\n","width":"4","background_color_text":"bg-none","border_color":"border-none"},{"text":"<p><strong>From Wuerzburg (north) and Stuttgart (west):<\/strong><br \/>\nComing from Wuerzburg on the A 7 motorway, drive to the Elchingen interchange and onto the A 8 in direction of Munich. The next exit is Leipheim. Leave the motorway here, then turn right in the direction of Leipheim. Follow the signs to Ichenhausen.<\/p>\n<p><strong>From the direction of Lindau\/Kempten\/Memmingen (south):<\/strong><br \/>\nComing from the A7 motorway, take the Voehringen\/Wei\u00dfenhorn exit. Leave the motorway and drive towards Wei\u00dfenhorn. At the entrance to Wei\u00dfenhorn, you will come to a roundabout with signs for Ichenhausen at the first exit.<\/p>\n","width":"4","background_color_text":"bg-none","border_color":"border-none"}],"match_height":false,"vertical_align":false,"share_buttons":false,"background_color":"bg-gray-medium","background_color_content":"bg-none"}},{"acf_fc_layout":"module_contact","module_contact":{"":null,"background_color":"bg-none","background_color_content":"bg-none"}}]},"yoast_head":"<!-- This site is optimized with the Yoast SEO plugin v27.0 - https:\/\/yoast.com\/product\/yoast-seo-wordpress\/ -->\n<title>Opening hours and goods reception - KLB K\u00f6tztal<\/title>\n<meta name=\"robots\" content=\"noindex, follow, max-snippet:-1, max-image-preview:large, max-video-preview:-1\" \/>\n<meta property=\"og:locale\" content=\"en_GB\" \/>\n<meta property=\"og:type\" content=\"article\" \/>\n<meta property=\"og:title\" content=\"Opening hours of our reception\" \/>\n<meta property=\"og:description\" content=\"You can reach us during these times.\" \/>\n<meta property=\"og:url\" content=\"https:\/\/dev.klb-koetztal.de\/en\/company\/opening-hours-and-goods-reception\/\" \/>\n<meta property=\"og:site_name\" content=\"KLB K\u00f6tztal\" \/>\n<meta property=\"article:publisher\" content=\"https:\/\/www.facebook.com\/klbkoetztal\" \/>\n<meta property=\"article:modified_time\" content=\"2025-09-19T06:56:53+00:00\" \/>\n<meta property=\"og:image\" content=\"https:\/\/dev.klb-koetztal.de\/app\/uploads\/2022\/09\/klb-koetztal-ausbildung-fachkraft-lagerlogistik-logistik-ausbildungsberuf-azubi-header.jpg\" \/>\n\t<meta property=\"og:image:width\" content=\"2560\" \/>\n\t<meta property=\"og:image:height\" content=\"1120\" \/>\n\t<meta property=\"og:image:type\" content=\"image\/jpeg\" \/>\n<meta name=\"twitter:card\" content=\"summary_large_image\" \/>\n<script type=\"application\/ld+json\" class=\"yoast-schema-graph\">{\"@context\":\"https:\/\/schema.org\",\"@graph\":[{\"@type\":\"WebPage\",\"@id\":\"https:\/\/dev.klb-koetztal.de\/en\/company\/opening-hours-and-goods-reception\/\",\"url\":\"https:\/\/dev.klb-koetztal.de\/en\/company\/opening-hours-and-goods-reception\/\",\"name\":\"Opening hours and goods reception - KLB K\u00f6tztal\",\"isPartOf\":{\"@id\":\"https:\/\/dev.klb-koetztal.de\/en\/#website\"},\"datePublished\":\"2023-05-16T08:30:51+00:00\",\"dateModified\":\"2025-09-19T06:56:53+00:00\",\"breadcrumb\":{\"@id\":\"https:\/\/dev.klb-koetztal.de\/en\/company\/opening-hours-and-goods-reception\/#breadcrumb\"},\"inLanguage\":\"en-GB\",\"potentialAction\":[{\"@type\":\"ReadAction\",\"target\":[\"https:\/\/dev.klb-koetztal.de\/en\/company\/opening-hours-and-goods-reception\/\"]}]},{\"@type\":\"BreadcrumbList\",\"@id\":\"https:\/\/dev.klb-koetztal.de\/en\/company\/opening-hours-and-goods-reception\/#breadcrumb\",\"itemListElement\":[{\"@type\":\"ListItem\",\"position\":1,\"name\":\"Startseite\",\"item\":\"https:\/\/dev.klb-koetztal.de\/en\/\"},{\"@type\":\"ListItem\",\"position\":2,\"name\":\"Company KLB\",\"item\":\"https:\/\/dev.klb-koetztal.de\/en\/company\/\"},{\"@type\":\"ListItem\",\"position\":3,\"name\":\"Opening hours and goods reception\"}]},{\"@type\":\"WebSite\",\"@id\":\"https:\/\/dev.klb-koetztal.de\/en\/#website\",\"url\":\"https:\/\/dev.klb-koetztal.de\/en\/\",\"name\":\"KLB K\u00f6tztal\",\"description\":\"Gute B\u00f6den haben ein System.\",\"potentialAction\":[{\"@type\":\"SearchAction\",\"target\":{\"@type\":\"EntryPoint\",\"urlTemplate\":\"https:\/\/dev.klb-koetztal.de\/en\/?s={search_term_string}\"},\"query-input\":{\"@type\":\"PropertyValueSpecification\",\"valueRequired\":true,\"valueName\":\"search_term_string\"}}],\"inLanguage\":\"en-GB\"}]}<\/script>\n<!-- \/ Yoast SEO plugin. -->","yoast_head_json":{"title":"Opening hours and goods reception - KLB K\u00f6tztal","robots":{"index":"noindex","follow":"follow","max-snippet":"max-snippet:-1","max-image-preview":"max-image-preview:large","max-video-preview":"max-video-preview:-1"},"og_locale":"en_GB","og_type":"article","og_title":"Opening hours of our reception","og_description":"You can reach us during these times.","og_url":"https:\/\/dev.klb-koetztal.de\/en\/company\/opening-hours-and-goods-reception\/","og_site_name":"KLB K\u00f6tztal","article_publisher":"https:\/\/www.facebook.com\/klbkoetztal","article_modified_time":"2025-09-19T06:56:53+00:00","og_image":[{"width":2560,"height":1120,"url":"https:\/\/dev.klb-koetztal.de\/app\/uploads\/2022\/09\/klb-koetztal-ausbildung-fachkraft-lagerlogistik-logistik-ausbildungsberuf-azubi-header.jpg","type":"image\/jpeg"}],"twitter_card":"summary_large_image","schema":{"@context":"https:\/\/schema.org","@graph":[{"@type":"WebPage","@id":"https:\/\/dev.klb-koetztal.de\/en\/company\/opening-hours-and-goods-reception\/","url":"https:\/\/dev.klb-koetztal.de\/en\/company\/opening-hours-and-goods-reception\/","name":"Opening hours and goods reception - KLB K\u00f6tztal","isPartOf":{"@id":"https:\/\/dev.klb-koetztal.de\/en\/#website"},"datePublished":"2023-05-16T08:30:51+00:00","dateModified":"2025-09-19T06:56:53+00:00","breadcrumb":{"@id":"https:\/\/dev.klb-koetztal.de\/en\/company\/opening-hours-and-goods-reception\/#breadcrumb"},"inLanguage":"en-GB","potentialAction":[{"@type":"ReadAction","target":["https:\/\/dev.klb-koetztal.de\/en\/company\/opening-hours-and-goods-reception\/"]}]},{"@type":"BreadcrumbList","@id":"https:\/\/dev.klb-koetztal.de\/en\/company\/opening-hours-and-goods-reception\/#breadcrumb","itemListElement":[{"@type":"ListItem","position":1,"name":"Startseite","item":"https:\/\/dev.klb-koetztal.de\/en\/"},{"@type":"ListItem","position":2,"name":"Company KLB","item":"https:\/\/dev.klb-koetztal.de\/en\/company\/"},{"@type":"ListItem","position":3,"name":"Opening hours and goods reception"}]},{"@type":"WebSite","@id":"https:\/\/dev.klb-koetztal.de\/en\/#website","url":"https:\/\/dev.klb-koetztal.de\/en\/","name":"KLB K\u00f6tztal","description":"Gute B\u00f6den haben ein System.","potentialAction":[{"@type":"SearchAction","target":{"@type":"EntryPoint","urlTemplate":"https:\/\/dev.klb-koetztal.de\/en\/?s={search_term_string}"},"query-input":{"@type":"PropertyValueSpecification","valueRequired":true,"valueName":"search_term_string"}}],"inLanguage":"en-GB"}]}},"_links":{"self":[{"href":"https:\/\/dev.klb-koetztal.de\/en\/wp-json\/wp\/v2\/pages\/56225","targetHints":{"allow":["GET"]}}],"collection":[{"href":"https:\/\/dev.klb-koetztal.de\/en\/wp-json\/wp\/v2\/pages"}],"about":[{"href":"https:\/\/dev.klb-koetztal.de\/en\/wp-json\/wp\/v2\/types\/page"}],"author":[{"embeddable":true,"href":"https:\/\/dev.klb-koetztal.de\/en\/wp-json\/wp\/v2\/users\/13"}],"replies":[{"embeddable":true,"href":"https:\/\/dev.klb-koetztal.de\/en\/wp-json\/wp\/v2\/comments?post=56225"}],"version-history":[{"count":0,"href":"https:\/\/dev.klb-koetztal.de\/en\/wp-json\/wp\/v2\/pages\/56225\/revisions"}],"up":[{"embeddable":true,"href":"https:\/\/dev.klb-koetztal.de\/en\/wp-json\/wp\/v2\/pages\/66063"}],"wp:attachment":[{"href":"https:\/\/dev.klb-koetztal.de\/en\/wp-json\/wp\/v2\/media?parent=56225"}],"curies":[{"name":"wp","href":"https:\/\/api.w.org\/{rel}","templated":true}]}}