{"id":39626,"date":"2020-04-03T16:28:00","date_gmt":"2020-04-03T14:28:00","guid":{"rendered":"http:\/\/beta.klbkoetztal.de\/impressum\/"},"modified":"2024-01-18T10:47:45","modified_gmt":"2024-01-18T09:47:45","slug":"legal-notice","status":"publish","type":"page","link":"https:\/\/dev.klb-koetztal.de\/en\/legal-notice\/","title":{"rendered":"Legal Notice"},"content":{"rendered":"","protected":false},"excerpt":{"rendered":"","protected":false},"author":11,"featured_media":0,"parent":0,"menu_order":68,"comment_status":"closed","ping_status":"closed","template":"page-templates\/page-builder.php","meta":{"_acf_changed":false,"footnotes":""},"class_list":["post-39626","page","type-page","status-publish","hentry"],"acf":{"header":{"module_header":{"":null,"slider":false,"scroll_down_icon":true,"overlapping_content":false,"anchor":""}},"grid":{"module_grid_text":{"":null,"prototype_headline":{"headline":"Impressum","h1":false,"subheadline":"","anchor":"","url":""},"slider":false,"content":[{"text":"<p><strong>KLB K\u00f6tztal Lacke + Beschichtungen GmbH<\/strong><br \/>\nG\u00fcnztalstra\u00dfe 25, D-89335 Ichenhausen<br \/>\n<strong>Telefon:<\/strong> +49 (0) 82 23-96 92-0<br \/>\n<strong>Telefax<\/strong>: +49 (0) 82 23-96 92-100<br \/>\n<strong>E-Mail:<\/strong> info@klb-koetztal.de<\/p>\n<p><strong>F\u00fcr Sie erreichbar:<\/strong><br \/>\nMo. &#8211; Fr. 7.00 &#8211; 12.00 Uhr<br \/>\nMo. &#8211; Do. 13.00 &#8211; 17.00 Uhr<br \/>\nFr. 13.00 &#8211; 15.00 Uhr<\/p>\n<p>Gesch\u00e4ftsf\u00fchrer: Erwin Kehrle, Dipl.-Ing. (FH) Artur Kehrle<\/p>\n<p><strong>Handelsregisternummer:<\/strong> HRB 6349 Memmingen<br \/>\n<strong>Umsatzsteuer-Identifikationsnummer:<\/strong> DE 170 560 372<\/p>\n<h3><strong>Haftungshinweis:<\/strong><\/h3>\n<p>KLB K\u00f6tztal Lacke + Beschichtungen GmbH pr\u00fcft und aktualisiert die Informationen auf dieser Internetseite st\u00e4ndig. Trotz aller Sorgfalt k\u00f6nnen sich die Daten inzwischen ver\u00e4ndert haben. Eine Haftung oder Garantie f\u00fcr die Aktualit\u00e4t, Richtigkeit und Vollst\u00e4ndigkeit der zur Verf\u00fcgung gestellten Informationen kann daher nicht \u00fcbernommen werden. Gleiches gilt auch f\u00fcr alle anderen Internetseiten, auf die mittels Hyperlink verwiesen wird. Die Firma KLB K\u00f6tztal Lacke + Beschichtungen GmbH ist f\u00fcr den Inhalt der Internetseiten, die aufgrund einer solchen Verbindung erreicht werden, nicht verantwortlich.<br \/>\nDes weiteren beh\u00e4lt sich die Firma KLB K\u00f6tztal Lacke + Beschichtungen GmbH das Recht vor, \u00c4nderungen oder Erg\u00e4nzungen der bereitgestellten Informationen vorzunehmen.<\/p>\n<p>Die Vervielf\u00e4ltigung von Informationen oder Daten, insbesondere die Verwendung von Texten, Textteilen oder Bildmaterial, bedarf der vorherigen Zustimmung der Firma KLB K\u00f6tztal Lacke + Beschichtungen GmbH.<\/p>\n","width":"12","background_color_text":"bg-none","border_color":"border-none"}],"match_height":false,"vertical_align":false,"share_buttons":false,"background_color":"bg-none","background_color_content":"bg-none"}},"grid_two":{"module_grid_text":{"":null,"prototype_headline":{"headline":"","h1":false,"subheadline":"","anchor":"","url":""},"slider":false,"content":false,"match_height":false,"vertical_align":false,"share_buttons":false,"background_color":"bg-none","background_color_content":"bg-none"}},"category":{"module_category":{"":null,"prototype_headline":{"headline":"","h1":false,"subheadline":"","anchor":"","url":""},"type":"none","taxonomy":null,"term":null,"background_color":"bg-none","background_color_content":"bg-none","items_per_row":"3","button_style":"btn-blue"}},"call_to_action":{"module_call_to_action":{"":null,"headline_group":{"prototype_headline":{"headline":"","h1":false,"subheadline":"","anchor":"","url":null}},"call_to_action_elements":false,"layout":"big","background_color":"bg-none","background_color_content":"bg-none"}},"contact":{"module_contact":{"":null,"background_color":"bg-none","background_color_content":"bg-none"}},"posts":{"module_posts":{"":null,"prototype_headline":{"headline":"","h1":false,"subheadline":"","anchor":"","url":""},"type":"none","taxonomy":null,"filter_taxonomy":false,"terms":false,"posts":null,"post_type":false,"post_per_page":"4","orderby":false,"sort":false,"button_text":"","button_target":false,"button_style":"btn-blue","background_color":"bg-none","background_color_content":"bg-none","button":"ajax","url":null,"text":"","link_to_system_finder":""}},"page_builder":[{"acf_fc_layout":"module_grid_text","module_grid_text":{"":null,"prototype_headline":{"headline":"Legal Notice","h1":true,"subheadline":"","anchor":"","url":""},"slider":false,"content":[{"text":"<p><strong>KLB K\u00f6tztal Lacke + Beschichtungen GmbH<\/strong><br \/>\nG\u00fcnztalstra\u00dfe 25<br \/>\n89335 Ichenhausen<br \/>\nGermany<\/p>\n<p>Phone +49 8223 9692-0<br \/>\nFax\u00a0 \u00a0+49 8223 9692-100<br \/>\nE-mail <a href=\"mailto:info@klb-koetztal.de\">info@klb-koetztal.com<\/a><\/p>\n<p><strong>Reachable for you:<br \/>\n<\/strong>Mon-Fri from 7.00 &#8211; 12.00<br \/>\nMon-Thurs from 13.00 &#8211; 17.00<br \/>\nFri from 13.00 &#8211; 15.00<\/p>\n<p><strong>Managing Directors:<\/strong><br \/>\nArtur Kehrle<br \/>\nPatrick Kehrle<br \/>\nDr Julian Kehrle<\/p>\n<p><strong>Commercial register number:<\/strong>\u00a0HRB 6349 Memmingen<br \/>\n<strong>Value added tax identification number:<\/strong>\u00a0DE 170 560 372<\/p>\n<p><strong>Disclaimer of liability:<\/strong><br \/>\nKLB K\u00f6tztal Lacke + Beschichtungen GmbH constantly checks and updates the information on this website. Despite all diligence, the data can have changed in the meantime. We assume no liability or guarantee for accuracy, correctness and completeness of the provided information. The same applies to all other web pages which are referred to by means of a hyperlink. The company KLB K\u00f6tztal Lacke + Beschichtungen GmbH cannot be held liable for the contents of other websites which are reached due to such a connection.<\/p>\n<p>In addition to this, the company KLB K\u00f6tztal Lacke + Beschichtungen GmbH reserves itself the right to perform alterations or supplements to the information provided.<\/p>\n<p>The duplication of content or data, in particular the use of texts, text portions or image material, is subject to the prior consent of the company KLB K\u00f6tztal Lacke + Beschichtungen GmbH.<\/p>\n<p><strong>Social media and online presence:<\/strong><br \/>\nThis legal notice also applies to the following social media channels and profiles: <a href=\"https:\/\/www.linkedin.com\/company\/7235831\/\" target=\"_blank\" rel=\"noopener\">Linkedin<\/a>, <a href=\"https:\/\/www.linkedin.com\/company\/80567303\/\">Linkedin International<\/a>, <a href=\"https:\/\/www.facebook.com\/klbkoetztal\" target=\"_blank\" rel=\"noopener\">Facebook<\/a>, <a href=\"https:\/\/www.instagram.com\/klbkoetztal\/\" target=\"_blank\" rel=\"noopener\">Instagram<\/a>, <a href=\"https:\/\/www.pinterest.de\/klbkoetztal\/\" target=\"_blank\" rel=\"noopener\">Pinterest<\/a>, <a href=\"https:\/\/www.xing.com\/pages\/klb-koetztal-gmbh\" target=\"_blank\" rel=\"noopener\">Xing<\/a> and <a href=\"https:\/\/www.youtube.com\/@klbkotztallackebeschichtun6352\" target=\"_blank\" rel=\"noopener\">YouTube<\/a><\/p>\n","width":"12","background_color_text":"bg-none","border_color":"border-none"}],"match_height":false,"vertical_align":false,"share_buttons":false,"background_color":"bg-none","background_color_content":"bg-none"}}]},"yoast_head":"<!-- This site is optimized with the Yoast SEO plugin v27.0 - https:\/\/yoast.com\/product\/yoast-seo-wordpress\/ -->\n<title>Our Legal Notice - KLB K\u00f6tztal<\/title>\n<meta name=\"description\" content=\"Here you can find the Legal Notice of KLB K\u00f6tztal Lacke + Beschichtungen GmbH, e.g. address and contact details, company management etc.\" \/>\n<meta name=\"robots\" content=\"noindex, follow, max-snippet:-1, max-image-preview:large, max-video-preview:-1\" \/>\n<meta property=\"og:locale\" content=\"en_GB\" \/>\n<meta property=\"og:type\" content=\"article\" \/>\n<meta property=\"og:title\" content=\"Our Legal Notice - KLB K\u00f6tztal\" \/>\n<meta property=\"og:description\" content=\"Here you can find the Legal Notice of KLB K\u00f6tztal Lacke + Beschichtungen GmbH, e.g. address and contact details, company management etc.\" \/>\n<meta property=\"og:url\" content=\"https:\/\/dev.klb-koetztal.de\/en\/legal-notice\/\" \/>\n<meta property=\"og:site_name\" content=\"KLB K\u00f6tztal\" \/>\n<meta property=\"article:publisher\" content=\"https:\/\/www.facebook.com\/klbkoetztal\" \/>\n<meta property=\"article:modified_time\" content=\"2024-01-18T09:47:45+00:00\" \/>\n<meta name=\"twitter:card\" content=\"summary_large_image\" \/>\n<script type=\"application\/ld+json\" class=\"yoast-schema-graph\">{\"@context\":\"https:\/\/schema.org\",\"@graph\":[{\"@type\":\"WebPage\",\"@id\":\"https:\/\/dev.klb-koetztal.de\/en\/legal-notice\/\",\"url\":\"https:\/\/dev.klb-koetztal.de\/en\/legal-notice\/\",\"name\":\"Our Legal Notice - KLB K\u00f6tztal\",\"isPartOf\":{\"@id\":\"https:\/\/dev.klb-koetztal.de\/en\/#website\"},\"datePublished\":\"2020-04-03T14:28:00+00:00\",\"dateModified\":\"2024-01-18T09:47:45+00:00\",\"description\":\"Here you can find the Legal Notice of KLB K\u00f6tztal Lacke + Beschichtungen GmbH, e.g. address and contact details, company management etc.\",\"breadcrumb\":{\"@id\":\"https:\/\/dev.klb-koetztal.de\/en\/legal-notice\/#breadcrumb\"},\"inLanguage\":\"en-GB\",\"potentialAction\":[{\"@type\":\"ReadAction\",\"target\":[\"https:\/\/dev.klb-koetztal.de\/en\/legal-notice\/\"]}]},{\"@type\":\"BreadcrumbList\",\"@id\":\"https:\/\/dev.klb-koetztal.de\/en\/legal-notice\/#breadcrumb\",\"itemListElement\":[{\"@type\":\"ListItem\",\"position\":1,\"name\":\"Startseite\",\"item\":\"https:\/\/dev.klb-koetztal.de\/en\/\"},{\"@type\":\"ListItem\",\"position\":2,\"name\":\"Legal Notice\"}]},{\"@type\":\"WebSite\",\"@id\":\"https:\/\/dev.klb-koetztal.de\/en\/#website\",\"url\":\"https:\/\/dev.klb-koetztal.de\/en\/\",\"name\":\"KLB K\u00f6tztal\",\"description\":\"Gute B\u00f6den haben ein System.\",\"potentialAction\":[{\"@type\":\"SearchAction\",\"target\":{\"@type\":\"EntryPoint\",\"urlTemplate\":\"https:\/\/dev.klb-koetztal.de\/en\/?s={search_term_string}\"},\"query-input\":{\"@type\":\"PropertyValueSpecification\",\"valueRequired\":true,\"valueName\":\"search_term_string\"}}],\"inLanguage\":\"en-GB\"}]}<\/script>\n<!-- \/ Yoast SEO plugin. -->","yoast_head_json":{"title":"Our Legal Notice - KLB K\u00f6tztal","description":"Here you can find the Legal Notice of KLB K\u00f6tztal Lacke + Beschichtungen GmbH, e.g. address and contact details, company management etc.","robots":{"index":"noindex","follow":"follow","max-snippet":"max-snippet:-1","max-image-preview":"max-image-preview:large","max-video-preview":"max-video-preview:-1"},"og_locale":"en_GB","og_type":"article","og_title":"Our Legal Notice - KLB K\u00f6tztal","og_description":"Here you can find the Legal Notice of KLB K\u00f6tztal Lacke + Beschichtungen GmbH, e.g. address and contact details, company management etc.","og_url":"https:\/\/dev.klb-koetztal.de\/en\/legal-notice\/","og_site_name":"KLB K\u00f6tztal","article_publisher":"https:\/\/www.facebook.com\/klbkoetztal","article_modified_time":"2024-01-18T09:47:45+00:00","twitter_card":"summary_large_image","schema":{"@context":"https:\/\/schema.org","@graph":[{"@type":"WebPage","@id":"https:\/\/dev.klb-koetztal.de\/en\/legal-notice\/","url":"https:\/\/dev.klb-koetztal.de\/en\/legal-notice\/","name":"Our Legal Notice - KLB K\u00f6tztal","isPartOf":{"@id":"https:\/\/dev.klb-koetztal.de\/en\/#website"},"datePublished":"2020-04-03T14:28:00+00:00","dateModified":"2024-01-18T09:47:45+00:00","description":"Here you can find the Legal Notice of KLB K\u00f6tztal Lacke + Beschichtungen GmbH, e.g. address and contact details, company management etc.","breadcrumb":{"@id":"https:\/\/dev.klb-koetztal.de\/en\/legal-notice\/#breadcrumb"},"inLanguage":"en-GB","potentialAction":[{"@type":"ReadAction","target":["https:\/\/dev.klb-koetztal.de\/en\/legal-notice\/"]}]},{"@type":"BreadcrumbList","@id":"https:\/\/dev.klb-koetztal.de\/en\/legal-notice\/#breadcrumb","itemListElement":[{"@type":"ListItem","position":1,"name":"Startseite","item":"https:\/\/dev.klb-koetztal.de\/en\/"},{"@type":"ListItem","position":2,"name":"Legal Notice"}]},{"@type":"WebSite","@id":"https:\/\/dev.klb-koetztal.de\/en\/#website","url":"https:\/\/dev.klb-koetztal.de\/en\/","name":"KLB K\u00f6tztal","description":"Gute B\u00f6den haben ein System.","potentialAction":[{"@type":"SearchAction","target":{"@type":"EntryPoint","urlTemplate":"https:\/\/dev.klb-koetztal.de\/en\/?s={search_term_string}"},"query-input":{"@type":"PropertyValueSpecification","valueRequired":true,"valueName":"search_term_string"}}],"inLanguage":"en-GB"}]}},"_links":{"self":[{"href":"https:\/\/dev.klb-koetztal.de\/en\/wp-json\/wp\/v2\/pages\/39626","targetHints":{"allow":["GET"]}}],"collection":[{"href":"https:\/\/dev.klb-koetztal.de\/en\/wp-json\/wp\/v2\/pages"}],"about":[{"href":"https:\/\/dev.klb-koetztal.de\/en\/wp-json\/wp\/v2\/types\/page"}],"author":[{"embeddable":true,"href":"https:\/\/dev.klb-koetztal.de\/en\/wp-json\/wp\/v2\/users\/11"}],"replies":[{"embeddable":true,"href":"https:\/\/dev.klb-koetztal.de\/en\/wp-json\/wp\/v2\/comments?post=39626"}],"version-history":[{"count":0,"href":"https:\/\/dev.klb-koetztal.de\/en\/wp-json\/wp\/v2\/pages\/39626\/revisions"}],"wp:attachment":[{"href":"https:\/\/dev.klb-koetztal.de\/en\/wp-json\/wp\/v2\/media?parent=39626"}],"curies":[{"name":"wp","href":"https:\/\/api.w.org\/{rel}","templated":true}]}}